{"id":5257,"date":"2022-08-15T11:47:14","date_gmt":"2022-08-15T11:47:14","guid":{"rendered":"https:\/\/petradehler.de\/?page_id=5257"},"modified":"2026-01-17T12:32:45","modified_gmt":"2026-01-17T12:32:45","slug":"aktuelles","status":"publish","type":"page","link":"https:\/\/petradehler-autorin.de\/index.php\/aktuelles\/","title":{"rendered":"Aktuelles"},"content":{"rendered":"<div class=\"wpb-content-wrapper\"><p>[vc_row][vc_column][vc_column_text css=&#8220;&#8220;]Viele Jahre arbeitete ich im Marketing internationaler Kosmetikunternehmen. Vor 28 Jahren entschied ich mich f\u00fcr die Selbst\u00e4ndigkeit. Ein Schritt, der mein Leben grundlegend ver\u00e4nderte. Nicht romantisch, nicht leicht, nicht fordernd, einsam und lehrreich.<\/p>\n<p>Ich arbeitete viel und verlor mich dabei selbst. Erst sp\u00e4t verstand ich, dass ein eigenes Gesch\u00e4ft mehr braucht als Disziplin und Durchhalteverm\u00f6gen. Es braucht Selbstvertrauen, innere Klarheit und die Erlaubnis, den eigenen Weg wirklich zu gehen.<\/p>\n<p>Dieser Weg f\u00fchrte mich zu mir selbst und zur traditionellen chinesischen Medizin. Und er f\u00fchrte mich zum Schreiben.<\/p>\n<p>In meinen B\u00fcchern erz\u00e4hle ich von Frauen, die fallen, zweifeln, suchen und sich neu ausrichten. Von Lebensumbr\u00fcchen, leisen Wendepunkten und der Kraft, die entsteht, wenn wir aufh\u00f6ren, uns selbst zu \u00fcbergehen.<\/p>\n<p>Diese Seite ist ein Ort f\u00fcr Frauen, die sp\u00fcren, dass es so nicht weitergeht. Und das etwas Neues beginnen kann.<\/p>\n<p>Herzlichst<\/p>\n<p>Petra Dehler<\/p>\n<p>[\/vc_column_text][\/vc_column][\/vc_row]<\/p>\n<\/div>","protected":false},"excerpt":{"rendered":"<p>[vc_row][vc_column][vc_column_text css=&#8220;&#8220;]Viele Jahre arbeitete ich im Marketing internationaler Kosmetikunternehmen. Vor 28 Jahren entschied ich mich f\u00fcr die Selbst\u00e4ndigkeit. Ein Schritt, der mein Leben grundlegend ver\u00e4nderte. Nicht romantisch, nicht leicht, nicht fordernd, einsam und lehrreich. Ich arbeitete viel und verlor mich dabei selbst. Erst sp\u00e4t verstand ich, dass ein eigenes Gesch\u00e4ft mehr braucht als Disziplin und [&hellip;]<\/p>\n","protected":false},"author":1,"featured_media":0,"parent":0,"menu_order":0,"comment_status":"closed","ping_status":"closed","template":"","meta":{"ocean_post_layout":"","ocean_both_sidebars_style":"","ocean_both_sidebars_content_width":0,"ocean_both_sidebars_sidebars_width":0,"ocean_sidebar":"0","ocean_second_sidebar":"0","ocean_disable_margins":"enable","ocean_add_body_class":"","ocean_shortcode_before_top_bar":"","ocean_shortcode_after_top_bar":"","ocean_shortcode_before_header":"","ocean_shortcode_after_header":"","ocean_has_shortcode":"","ocean_shortcode_after_title":"","ocean_shortcode_before_footer_widgets":"","ocean_shortcode_after_footer_widgets":"","ocean_shortcode_before_footer_bottom":"","ocean_shortcode_after_footer_bottom":"","ocean_display_top_bar":"default","ocean_display_header":"default","ocean_header_style":"","ocean_center_header_left_menu":"0","ocean_custom_header_template":"0","ocean_custom_logo":0,"ocean_custom_retina_logo":0,"ocean_custom_logo_max_width":0,"ocean_custom_logo_tablet_max_width":0,"ocean_custom_logo_mobile_max_width":0,"ocean_custom_logo_max_height":0,"ocean_custom_logo_tablet_max_height":0,"ocean_custom_logo_mobile_max_height":0,"ocean_header_custom_menu":"0","ocean_menu_typo_font_family":"0","ocean_menu_typo_font_subset":"","ocean_menu_typo_font_size":0,"ocean_menu_typo_font_size_tablet":0,"ocean_menu_typo_font_size_mobile":0,"ocean_menu_typo_font_size_unit":"px","ocean_menu_typo_font_weight":"","ocean_menu_typo_font_weight_tablet":"","ocean_menu_typo_font_weight_mobile":"","ocean_menu_typo_transform":"","ocean_menu_typo_transform_tablet":"","ocean_menu_typo_transform_mobile":"","ocean_menu_typo_line_height":0,"ocean_menu_typo_line_height_tablet":0,"ocean_menu_typo_line_height_mobile":0,"ocean_menu_typo_line_height_unit":"","ocean_menu_typo_spacing":0,"ocean_menu_typo_spacing_tablet":0,"ocean_menu_typo_spacing_mobile":0,"ocean_menu_typo_spacing_unit":"","ocean_menu_link_color":"","ocean_menu_link_color_hover":"","ocean_menu_link_color_active":"","ocean_menu_link_background":"","ocean_menu_link_hover_background":"","ocean_menu_link_active_background":"","ocean_menu_social_links_bg":"","ocean_menu_social_hover_links_bg":"","ocean_menu_social_links_color":"","ocean_menu_social_hover_links_color":"","ocean_disable_title":"default","ocean_disable_heading":"default","ocean_post_title":"","ocean_post_subheading":"","ocean_post_title_style":"","ocean_post_title_background_color":"","ocean_post_title_background":0,"ocean_post_title_bg_image_position":"","ocean_post_title_bg_image_attachment":"","ocean_post_title_bg_image_repeat":"","ocean_post_title_bg_image_size":"","ocean_post_title_height":0,"ocean_post_title_bg_overlay":0.5,"ocean_post_title_bg_overlay_color":"","ocean_disable_breadcrumbs":"default","ocean_breadcrumbs_color":"","ocean_breadcrumbs_separator_color":"","ocean_breadcrumbs_links_color":"","ocean_breadcrumbs_links_hover_color":"","ocean_display_footer_widgets":"default","ocean_display_footer_bottom":"default","ocean_custom_footer_template":"0","footnotes":""},"class_list":["post-5257","page","type-page","status-publish","hentry","entry"],"yoast_head":"<!-- This site is optimized with the Yoast SEO plugin v27.5 - https:\/\/yoast.com\/product\/yoast-seo-wordpress\/ -->\n<title>Aktuelles - Petra Dehler<\/title>\n<meta name=\"robots\" content=\"index, follow, max-snippet:-1, max-image-preview:large, max-video-preview:-1\" \/>\n<link rel=\"canonical\" href=\"https:\/\/petradehler-autorin.de\/index.php\/aktuelles\/\" \/>\n<meta property=\"og:locale\" content=\"de_DE\" \/>\n<meta property=\"og:type\" content=\"article\" \/>\n<meta property=\"og:title\" content=\"Aktuelles - Petra Dehler\" \/>\n<meta property=\"og:description\" content=\"[vc_row][vc_column][vc_column_text css=&#8220;&#8220;]Viele Jahre arbeitete ich im Marketing internationaler Kosmetikunternehmen. Vor 28 Jahren entschied ich mich f\u00fcr die Selbst\u00e4ndigkeit. Ein Schritt, der mein Leben grundlegend ver\u00e4nderte. Nicht romantisch, nicht leicht, nicht fordernd, einsam und lehrreich. Ich arbeitete viel und verlor mich dabei selbst. Erst sp\u00e4t verstand ich, dass ein eigenes Gesch\u00e4ft mehr braucht als Disziplin und [&hellip;]\" \/>\n<meta property=\"og:url\" content=\"https:\/\/petradehler-autorin.de\/index.php\/aktuelles\/\" \/>\n<meta property=\"og:site_name\" content=\"Petra Dehler\" \/>\n<meta property=\"article:modified_time\" content=\"2026-01-17T12:32:45+00:00\" \/>\n<meta name=\"twitter:card\" content=\"summary_large_image\" \/>\n<meta name=\"twitter:label1\" content=\"Gesch\u00e4tzte Lesezeit\" \/>\n\t<meta name=\"twitter:data1\" content=\"1\u00a0Minute\" \/>\n<script type=\"application\/ld+json\" class=\"yoast-schema-graph\">{\"@context\":\"https:\\\/\\\/schema.org\",\"@graph\":[{\"@type\":\"WebPage\",\"@id\":\"https:\\\/\\\/petradehler-autorin.de\\\/index.php\\\/aktuelles\\\/\",\"url\":\"https:\\\/\\\/petradehler-autorin.de\\\/index.php\\\/aktuelles\\\/\",\"name\":\"Aktuelles - Petra Dehler\",\"isPartOf\":{\"@id\":\"https:\\\/\\\/petradehler-autorin.de\\\/#website\"},\"datePublished\":\"2022-08-15T11:47:14+00:00\",\"dateModified\":\"2026-01-17T12:32:45+00:00\",\"breadcrumb\":{\"@id\":\"https:\\\/\\\/petradehler-autorin.de\\\/index.php\\\/aktuelles\\\/#breadcrumb\"},\"inLanguage\":\"de\",\"potentialAction\":[{\"@type\":\"ReadAction\",\"target\":[\"https:\\\/\\\/petradehler-autorin.de\\\/index.php\\\/aktuelles\\\/\"]}]},{\"@type\":\"BreadcrumbList\",\"@id\":\"https:\\\/\\\/petradehler-autorin.de\\\/index.php\\\/aktuelles\\\/#breadcrumb\",\"itemListElement\":[{\"@type\":\"ListItem\",\"position\":1,\"name\":\"Startseite\",\"item\":\"https:\\\/\\\/petradehler-autorin.de\\\/\"},{\"@type\":\"ListItem\",\"position\":2,\"name\":\"Aktuelles\"}]},{\"@type\":\"WebSite\",\"@id\":\"https:\\\/\\\/petradehler-autorin.de\\\/#website\",\"url\":\"https:\\\/\\\/petradehler-autorin.de\\\/\",\"name\":\"Petra Dehler\",\"description\":\"\",\"potentialAction\":[{\"@type\":\"SearchAction\",\"target\":{\"@type\":\"EntryPoint\",\"urlTemplate\":\"https:\\\/\\\/petradehler-autorin.de\\\/?s={search_term_string}\"},\"query-input\":{\"@type\":\"PropertyValueSpecification\",\"valueRequired\":true,\"valueName\":\"search_term_string\"}}],\"inLanguage\":\"de\"}]}<\/script>\n<!-- \/ Yoast SEO plugin. -->","yoast_head_json":{"title":"Aktuelles - Petra Dehler","robots":{"index":"index","follow":"follow","max-snippet":"max-snippet:-1","max-image-preview":"max-image-preview:large","max-video-preview":"max-video-preview:-1"},"canonical":"https:\/\/petradehler-autorin.de\/index.php\/aktuelles\/","og_locale":"de_DE","og_type":"article","og_title":"Aktuelles - Petra Dehler","og_description":"[vc_row][vc_column][vc_column_text css=&#8220;&#8220;]Viele Jahre arbeitete ich im Marketing internationaler Kosmetikunternehmen. Vor 28 Jahren entschied ich mich f\u00fcr die Selbst\u00e4ndigkeit. Ein Schritt, der mein Leben grundlegend ver\u00e4nderte. Nicht romantisch, nicht leicht, nicht fordernd, einsam und lehrreich. Ich arbeitete viel und verlor mich dabei selbst. Erst sp\u00e4t verstand ich, dass ein eigenes Gesch\u00e4ft mehr braucht als Disziplin und [&hellip;]","og_url":"https:\/\/petradehler-autorin.de\/index.php\/aktuelles\/","og_site_name":"Petra Dehler","article_modified_time":"2026-01-17T12:32:45+00:00","twitter_card":"summary_large_image","twitter_misc":{"Gesch\u00e4tzte Lesezeit":"1\u00a0Minute"},"schema":{"@context":"https:\/\/schema.org","@graph":[{"@type":"WebPage","@id":"https:\/\/petradehler-autorin.de\/index.php\/aktuelles\/","url":"https:\/\/petradehler-autorin.de\/index.php\/aktuelles\/","name":"Aktuelles - Petra Dehler","isPartOf":{"@id":"https:\/\/petradehler-autorin.de\/#website"},"datePublished":"2022-08-15T11:47:14+00:00","dateModified":"2026-01-17T12:32:45+00:00","breadcrumb":{"@id":"https:\/\/petradehler-autorin.de\/index.php\/aktuelles\/#breadcrumb"},"inLanguage":"de","potentialAction":[{"@type":"ReadAction","target":["https:\/\/petradehler-autorin.de\/index.php\/aktuelles\/"]}]},{"@type":"BreadcrumbList","@id":"https:\/\/petradehler-autorin.de\/index.php\/aktuelles\/#breadcrumb","itemListElement":[{"@type":"ListItem","position":1,"name":"Startseite","item":"https:\/\/petradehler-autorin.de\/"},{"@type":"ListItem","position":2,"name":"Aktuelles"}]},{"@type":"WebSite","@id":"https:\/\/petradehler-autorin.de\/#website","url":"https:\/\/petradehler-autorin.de\/","name":"Petra Dehler","description":"","potentialAction":[{"@type":"SearchAction","target":{"@type":"EntryPoint","urlTemplate":"https:\/\/petradehler-autorin.de\/?s={search_term_string}"},"query-input":{"@type":"PropertyValueSpecification","valueRequired":true,"valueName":"search_term_string"}}],"inLanguage":"de"}]}},"_links":{"self":[{"href":"https:\/\/petradehler-autorin.de\/index.php\/wp-json\/wp\/v2\/pages\/5257","targetHints":{"allow":["GET"]}}],"collection":[{"href":"https:\/\/petradehler-autorin.de\/index.php\/wp-json\/wp\/v2\/pages"}],"about":[{"href":"https:\/\/petradehler-autorin.de\/index.php\/wp-json\/wp\/v2\/types\/page"}],"author":[{"embeddable":true,"href":"https:\/\/petradehler-autorin.de\/index.php\/wp-json\/wp\/v2\/users\/1"}],"replies":[{"embeddable":true,"href":"https:\/\/petradehler-autorin.de\/index.php\/wp-json\/wp\/v2\/comments?post=5257"}],"version-history":[{"count":5,"href":"https:\/\/petradehler-autorin.de\/index.php\/wp-json\/wp\/v2\/pages\/5257\/revisions"}],"predecessor-version":[{"id":5375,"href":"https:\/\/petradehler-autorin.de\/index.php\/wp-json\/wp\/v2\/pages\/5257\/revisions\/5375"}],"wp:attachment":[{"href":"https:\/\/petradehler-autorin.de\/index.php\/wp-json\/wp\/v2\/media?parent=5257"}],"curies":[{"name":"wp","href":"https:\/\/api.w.org\/{rel}","templated":true}]}}